{"id":6002,"date":"2024-04-24T19:16:44","date_gmt":"2024-04-24T19:16:44","guid":{"rendered":"https:\/\/suedwestfahrzeugtechnik.de\/?page_id=6002"},"modified":"2024-08-08T20:39:38","modified_gmt":"2024-08-08T20:39:38","slug":"software-konfigurator","status":"publish","type":"page","link":"https:\/\/suedwestfahrzeugtechnik.de\/en\/software-konfigurator\/","title":{"rendered":"Software-Konfigurator"},"content":{"rendered":"<div data-elementor-type=\"wp-page\" data-elementor-id=\"6002\" class=\"elementor elementor-6002\" data-elementor-post-type=\"page\">\n\t\t\t\t\t\t<section class=\"elementor-section elementor-top-section elementor-element elementor-element-44f0e0b elementor-section-full_width qodef-elementor-content-grid elementor-section-height-default elementor-section-height-default\" data-id=\"44f0e0b\" data-element_type=\"section\" data-e-type=\"section\" data-settings=\"{&quot;background_background&quot;:&quot;classic&quot;}\">\n\t\t\t\t\t\t<div class=\"elementor-container elementor-column-gap-default\">\n\t\t\t\t\t<div class=\"elementor-column elementor-col-100 elementor-top-column elementor-element elementor-element-884bef8\" data-id=\"884bef8\" data-element_type=\"column\" data-e-type=\"column\">\n\t\t\t<div class=\"elementor-widget-wrap elementor-element-populated\">\n\t\t\t\t\t\t<div class=\"elementor-element elementor-element-b102162 qodef-custom-spacing elementor-widget elementor-widget-shiftup_core_icon_list_item\" data-id=\"b102162\" data-element_type=\"widget\" data-e-type=\"widget\" data-widget_type=\"shiftup_core_icon_list_item.default\">\n\t\t\t\t<div class=\"elementor-widget-container\">\n\t\t\t\t\t<div class=\"qodef-icon-list-item qodef-icon--icon-pack\" >\n\t<p class=\"qodef-e-title\" style=\"color: #9A9A9A\">\n\t\t\t\t\t<span class=\"qodef-e-title-inner\">\n\t\t\t\t<span class=\"qodef-shortcode qodef-m  qodef-icon-holder  qodef-layout--normal\"  >\t\t\t<span class=\"qodef-icon-dripicons dripicons-checkmark qodef-icon qodef-e\" style=\"color: #FF4D24;font-size: 20px\" ><\/span>\t<\/span>\t\t\t\t<span class=\"qodef-e-title-text\">Improve your driving experience with professional chip tuning<\/span>\n\t\t\t<\/span>\n\t\t\t<\/p>\n<\/div>\n\t\t\t\t<\/div>\n\t\t\t\t<\/div>\n\t\t\t\t<div class=\"elementor-element elementor-element-ffeb846 elementor-widget elementor-widget-shiftup_core_section_title\" data-id=\"ffeb846\" data-element_type=\"widget\" data-e-type=\"widget\" data-widget_type=\"shiftup_core_section_title.default\">\n\t\t\t\t<div class=\"elementor-widget-container\">\n\t\t\t\t\t<div class=\"qodef-shortcode qodef-m  qodef-section-title qodef-alignment--left\">\n\t\t\t<p class=\"qodef-m-text\" >Are you looking for a way to increase your car's performance? At S\u00fcd-West Fahrzeugtechnik we offer you tailor-made chip tuning services that significantly improve the power and efficiency of your vehicle. Our technology brings out the true potential of your engine and guarantees you a new level of driving pleasure.<\/p>\n<\/div>\n\t\t\t\t<\/div>\n\t\t\t\t<\/div>\n\t\t\t\t<div class=\"elementor-element elementor-element-149bb10 qodef-custom-spacing elementor-widget elementor-widget-shiftup_core_icon_list_item\" data-id=\"149bb10\" data-element_type=\"widget\" data-e-type=\"widget\" data-widget_type=\"shiftup_core_icon_list_item.default\">\n\t\t\t\t<div class=\"elementor-widget-container\">\n\t\t\t\t\t<div class=\"qodef-icon-list-item qodef-icon--icon-pack\" >\n\t<p class=\"qodef-e-title\" style=\"color: #9A9A9A\">\n\t\t\t\t\t<span class=\"qodef-e-title-inner\">\n\t\t\t\t<span class=\"qodef-shortcode qodef-m  qodef-icon-holder  qodef-layout--normal\"  >\t\t\t<span class=\"qodef-icon-dripicons dripicons-checkmark qodef-icon qodef-e\" style=\"color: #FF4D24;font-size: 20px\" ><\/span>\t<\/span>\t\t\t\t<span class=\"qodef-e-title-text\">Increasing performance and optimizing efficiency \u2013 our specialty<\/span>\n\t\t\t<\/span>\n\t\t\t<\/p>\n<\/div>\n\t\t\t\t<\/div>\n\t\t\t\t<\/div>\n\t\t\t\t<div class=\"elementor-element elementor-element-93b3f58 elementor-widget elementor-widget-shiftup_core_section_title\" data-id=\"93b3f58\" data-element_type=\"widget\" data-e-type=\"widget\" data-widget_type=\"shiftup_core_section_title.default\">\n\t\t\t\t<div class=\"elementor-widget-container\">\n\t\t\t\t\t<div class=\"qodef-shortcode qodef-m  qodef-section-title qodef-alignment--left\">\n\t\t\t<p class=\"qodef-m-text\" >By using the latest technologies, we optimize the engine performance of your car without neglecting safety. Our chip tuning solutions are safe, effective and deliver measurable results. Trust in S\u00fcd-West Fahrzeugtechnik \u2013 your partner for high-quality chip tuning and innovative vehicle technologies.<\/p>\n<\/div>\n\t\t\t\t<\/div>\n\t\t\t\t<\/div>\n\t\t\t\t<div class=\"elementor-element elementor-element-d6383fc qodef-custom-spacing elementor-widget elementor-widget-shiftup_core_icon_list_item\" data-id=\"d6383fc\" data-element_type=\"widget\" data-e-type=\"widget\" data-widget_type=\"shiftup_core_icon_list_item.default\">\n\t\t\t\t<div class=\"elementor-widget-container\">\n\t\t\t\t\t<div class=\"qodef-icon-list-item qodef-icon--icon-pack\" >\n\t<p class=\"qodef-e-title\" style=\"color: #9A9A9A\">\n\t\t\t\t\t<span class=\"qodef-e-title-inner\">\n\t\t\t\t<span class=\"qodef-shortcode qodef-m  qodef-icon-holder  qodef-layout--normal\"  >\t\t\t<span class=\"qodef-icon-dripicons dripicons-checkmark qodef-icon qodef-e\" style=\"color: #FF4D24;font-size: 20px\" ><\/span>\t<\/span>\t\t\t\t<span class=\"qodef-e-title-text\">Individual adjustments for all car brands<\/span>\n\t\t\t<\/span>\n\t\t\t<\/p>\n<\/div>\n\t\t\t\t<\/div>\n\t\t\t\t<\/div>\n\t\t\t\t<div class=\"elementor-element elementor-element-6262251 elementor-widget elementor-widget-shiftup_core_section_title\" data-id=\"6262251\" data-element_type=\"widget\" data-e-type=\"widget\" data-widget_type=\"shiftup_core_section_title.default\">\n\t\t\t\t<div class=\"elementor-widget-container\">\n\t\t\t\t\t<div class=\"qodef-shortcode qodef-m  qodef-section-title qodef-alignment--left\">\n\t\t\t<p class=\"qodef-m-text\" >Regardless of the brand of your car, we adapt our chip tuning solutions individually to achieve the best possible results. Our experts work with a variety of car brands and models and thus guarantee optimal tuning that is specifically tailored to your vehicle.<\/p>\n<\/div>\n\t\t\t\t<\/div>\n\t\t\t\t<\/div>\n\t\t\t\t<div class=\"elementor-element elementor-element-3cb72bf qodef-custom-spacing elementor-widget elementor-widget-shiftup_core_icon_list_item\" data-id=\"3cb72bf\" data-element_type=\"widget\" data-e-type=\"widget\" data-widget_type=\"shiftup_core_icon_list_item.default\">\n\t\t\t\t<div class=\"elementor-widget-container\">\n\t\t\t\t\t<div class=\"qodef-icon-list-item qodef-icon--icon-pack\" >\n\t<p class=\"qodef-e-title\" style=\"color: #9A9A9A\">\n\t\t\t\t\t<span class=\"qodef-e-title-inner\">\n\t\t\t\t<span class=\"qodef-shortcode qodef-m  qodef-icon-holder  qodef-layout--normal\"  >\t\t\t<span class=\"qodef-icon-dripicons dripicons-checkmark qodef-icon qodef-e\" style=\"color: #FF4D24;font-size: 20px\" ><\/span>\t<\/span>\t\t\t\t<span class=\"qodef-e-title-text\">See all the potential profits you can make with our car configurator.<\/span>\n\t\t\t<\/span>\n\t\t\t<\/p>\n<\/div>\n\t\t\t\t<\/div>\n\t\t\t\t<\/div>\n\t\t\t\t<div class=\"elementor-element elementor-element-3eae4ec elementor-widget elementor-widget-shiftup_core_section_title\" data-id=\"3eae4ec\" data-element_type=\"widget\" data-e-type=\"widget\" data-widget_type=\"shiftup_core_section_title.default\">\n\t\t\t\t<div class=\"elementor-widget-container\">\n\t\t\t\t\t<div class=\"qodef-shortcode qodef-m  qodef-section-title qodef-alignment--left\">\n\t\t\t<p class=\"qodef-m-text\" >M\u00f6chten Sie mehr \u00fcber unsere Chiptuning-Services erfahren und wie wir Ihr Fahrerlebnis verbessern k\u00f6nnen? Testen Sie unseren Software-konfigurator und entdecken Sie die M\u00f6glichkeiten bei S\u00fcd-West Fahrzeugtechnik und lassen Sie unser professionelles Team Ihr Auto neu definieren.<\/p>\n<\/div>\n\t\t\t\t<\/div>\n\t\t\t\t<\/div>\n\t\t\t\t\t<\/div>\n\t\t<\/div>\n\t\t\t\t\t<\/div>\n\t\t<\/section>\n\t\t<div class=\"elementor-element elementor-element-ae473db e-flex e-con-boxed e-con e-parent\" data-id=\"ae473db\" data-element_type=\"container\" data-e-type=\"container\" data-settings=\"{&quot;background_background&quot;:&quot;classic&quot;}\">\n\t\t\t\t\t<div class=\"e-con-inner\">\n\t\t\t\t<div class=\"elementor-element elementor-element-b890dd0 iFrameResizer elementor-widget elementor-widget-html\" data-id=\"b890dd0\" data-element_type=\"widget\" data-e-type=\"widget\" id=\"iFrameResizer\" data-widget_type=\"html.default\">\n\t\t\t\t<div class=\"elementor-widget-container\">\n\t\t\t\t\t<iframe src=\"https:\/\/tuning-shop.com\/iframe\/iframe.php?user=2806\" width=\"100%\" height=\"auto\" scrolling=\"no\" frameborder=\"0\" style=\"border: 0;\"><\/iframe>\t\t\t\t<\/div>\n\t\t\t\t<\/div>\n\t\t\t\t\t<\/div>\n\t\t\t\t<\/div>\n\t\t\t\t<section class=\"elementor-section elementor-top-section elementor-element elementor-element-4903989 elementor-section-full_width qodef-elementor-content-grid qodef-btt-light elementor-section-height-default elementor-section-height-default\" data-id=\"4903989\" data-element_type=\"section\" data-e-type=\"section\">\n\t\t\t\t\t\t<div class=\"elementor-container elementor-column-gap-default\">\n\t\t\t\t\t<div class=\"elementor-column elementor-col-50 elementor-top-column elementor-element elementor-element-f9bdfa4\" data-id=\"f9bdfa4\" data-element_type=\"column\" data-e-type=\"column\">\n\t\t\t<div class=\"elementor-widget-wrap elementor-element-populated\">\n\t\t\t\t\t\t<div class=\"elementor-element elementor-element-eb78c8b elementor-widget__width-initial elementor-widget elementor-widget-shiftup_core_section_title\" data-id=\"eb78c8b\" data-element_type=\"widget\" data-e-type=\"widget\" data-widget_type=\"shiftup_core_section_title.default\">\n\t\t\t\t<div class=\"elementor-widget-container\">\n\t\t\t\t\t<div class=\"qodef-shortcode qodef-m  qodef-section-title qodef-alignment--left\">\n\t\t<h3 class=\"qodef-m-title\" >\n\t\t\t\t\t<a itemprop=\"url\" href=\"#kontaktiere-uns\" target=\"\">\n\t\t\t\t\tContact us for more information or make an appointment\t\t\t\t\t<\/a>\n\t\t\t<\/h3>\n\t<\/div>\n\t\t\t\t<\/div>\n\t\t\t\t<\/div>\n\t\t\t\t\t<\/div>\n\t\t<\/div>\n\t\t\t\t<div class=\"elementor-column elementor-col-50 elementor-top-column elementor-element elementor-element-f9f31dd\" data-id=\"f9f31dd\" data-element_type=\"column\" data-e-type=\"column\">\n\t\t\t<div class=\"elementor-widget-wrap elementor-element-populated\">\n\t\t\t\t\t\t<div class=\"elementor-element elementor-element-b6586d4 elementor-widget elementor-widget-wp-widget-shiftup_core_contact_form_7\" data-id=\"b6586d4\" data-element_type=\"widget\" data-e-type=\"widget\" data-widget_type=\"wp-widget-shiftup_core_contact_form_7.default\">\n\t\t\t\t<div class=\"elementor-widget-container\">\n\t\t\t\t\t\t\t\t<div class=\"qodef-contact-form-7\">\n\t\t\t\t\n<div class=\"wpcf7 no-js\" id=\"wpcf7-f6559-o1\" lang=\"en-US\" dir=\"ltr\" data-wpcf7-id=\"6559\">\n<div class=\"screen-reader-response\"><p role=\"status\" aria-live=\"polite\" aria-atomic=\"true\"><\/p> <ul><\/ul><\/div>\n<form action=\"\/en\/wp-json\/wp\/v2\/pages\/6002#wpcf7-f6559-o1\" method=\"post\" class=\"wpcf7-form init\" aria-label=\"Contact form\" novalidate=\"novalidate\" data-status=\"init\" data-trp-original-action=\"\/en\/wp-json\/wp\/v2\/pages\/6002#wpcf7-f6559-o1\">\n<fieldset class=\"hidden-fields-container\"><input type=\"hidden\" name=\"_wpcf7\" value=\"6559\" \/><input type=\"hidden\" name=\"_wpcf7_version\" value=\"6.1.5\" \/><input type=\"hidden\" name=\"_wpcf7_locale\" value=\"en_US\" \/><input type=\"hidden\" name=\"_wpcf7_unit_tag\" value=\"wpcf7-f6559-o1\" \/><input type=\"hidden\" name=\"_wpcf7_container_post\" value=\"0\" \/><input type=\"hidden\" name=\"_wpcf7_posted_data_hash\" value=\"\" \/>\n<\/fieldset>\n<div class=\"qodef-appontment-form-1\">\n<div class=\"qodef-col-2\">\n<label> First name<span class=\"wpcf7-form-control-wrap\" data-name=\"first-name\"><input size=\"40\" maxlength=\"400\" class=\"wpcf7-form-control wpcf7-text wpcf7-validates-as-required\" aria-required=\"true\" aria-invalid=\"false\" value=\"\" type=\"text\" name=\"first-name\" \/><\/span> <\/label>\n<label> Last name<span class=\"wpcf7-form-control-wrap\" data-name=\"last-name\"><input size=\"40\" maxlength=\"400\" class=\"wpcf7-form-control wpcf7-text wpcf7-validates-as-required\" aria-required=\"true\" aria-invalid=\"false\" value=\"\" type=\"text\" name=\"last-name\" \/><\/span> <\/label><\/div>\n<div class=\"qodef-col-2\">\n<label> Email *<span class=\"wpcf7-form-control-wrap\" data-name=\"your-email\"><input size=\"40\" maxlength=\"400\" class=\"wpcf7-form-control wpcf7-email wpcf7-validates-as-required wpcf7-text wpcf7-validates-as-email\" aria-required=\"true\" aria-invalid=\"false\" value=\"\" type=\"email\" name=\"your-email\" \/><\/span> <\/label>\n<label> Phone<span class=\"wpcf7-form-control-wrap\" data-name=\"your-tel\"><input size=\"40\" maxlength=\"400\" class=\"wpcf7-form-control wpcf7-tel wpcf7-validates-as-required wpcf7-text wpcf7-validates-as-tel\" aria-required=\"true\" aria-invalid=\"false\" value=\"\" type=\"tel\" name=\"your-tel\" \/><\/span> <\/label><\/div>\n<div class=\"qodef-col-2\">\n<label> Select date <input type=\"text\" onfocus=\"(this.type='date')\" onblur=\"(this.type='text')\" name=\"your-date\" value=\"\" class=\"wpcf7-form-control wpcf7-date wpcf7-validates-as-required wpcf7-validates-as-date\" aria-required=\"true\" aria-invalid=\"false\" placeholder=\"\"><\/label>\n<label> Select time <span class=\"wpcf7-form-control-wrap\" data-name=\"your-time\"><select class=\"wpcf7-form-control wpcf7-select\" aria-invalid=\"false\" name=\"your-time\"><option value=\"\">&#8212;Please choose an option&#8212;<\/option><option value=\"10:00\">10:00<\/option><option value=\"10:30\">10:30<\/option><option value=\"11:00\">11:00<\/option><option value=\"11:30\">11:30<\/option><option value=\"12:00\">12:00<\/option><option value=\"12:30\">12:30<\/option><option value=\"13:00\">13:00<\/option><option value=\"13:30\">13:30<\/option><option value=\"14:00\">14:00<\/option><option value=\"14:30\">14:30<\/option><option value=\"15:00\">15:00<\/option><option value=\"15:30\">15:30<\/option><option value=\"16:00\">16:00<\/option><option value=\"16:30\">16:30<\/option><\/select><\/span> <\/label>\n<\/div>\n<label> Case description<span class=\"wpcf7-form-control-wrap\" data-name=\"your-message\"><textarea cols=\"40\" rows=\"10\" maxlength=\"2000\" class=\"wpcf7-form-control wpcf7-textarea wpcf7-validates-as-required\" aria-required=\"true\" aria-invalid=\"false\" name=\"your-message\"><\/textarea><\/span> <\/label><button class=\"wpcf7-form-control wpcf7-submit qodef-button qodef-size--large qodef-layout--filled qodef-html--link qodef-m\" type=\"submit\"><span class=\"qodef-m-text\">Send Message<\/span><\/button> <\/div><div class=\"wpcf7-response-output\" aria-hidden=\"true\"><\/div>\n<input type=\"hidden\" name=\"trp-form-language\" value=\"en\"\/><\/form>\n<\/div>\n\t\t\t<\/div>\n\t\t\t\t\t\t\t<\/div>\n\t\t\t\t<\/div>\n\t\t\t\t\t<\/div>\n\t\t<\/div>\n\t\t\t\t\t<\/div>\n\t\t<\/section>\n\t\t\t\t<\/div>","protected":false},"excerpt":{"rendered":"<p>Verbessern Sie Ihr Fahrerlebnis mit professionellem Chiptuning Suchen Sie nach einer M\u00f6glichkeit, die Leistung Ihres Autos zu steigern? Bei S\u00fcd-West Fahrzeugtechnik bieten wir Ihnen ma\u00dfgeschneiderte Chiptuning-Services, die die Kraft und Effizienz Ihres Fahrzeugs deutlich verbessern. Unsere Technologie bringt das wahre Potenzial Ihres Motors zum Vorschein und garantiert Ihnen eine neue Stufe des Fahrvergn\u00fcgens. Leistungssteigerung und [&hellip;]<\/p>\n","protected":false},"author":1,"featured_media":0,"parent":0,"menu_order":0,"comment_status":"closed","ping_status":"closed","template":"page-full-width.php","meta":{"footnotes":""},"class_list":["post-6002","page","type-page","status-publish","hentry"],"_links":{"self":[{"href":"https:\/\/suedwestfahrzeugtechnik.de\/en\/wp-json\/wp\/v2\/pages\/6002","targetHints":{"allow":["GET"]}}],"collection":[{"href":"https:\/\/suedwestfahrzeugtechnik.de\/en\/wp-json\/wp\/v2\/pages"}],"about":[{"href":"https:\/\/suedwestfahrzeugtechnik.de\/en\/wp-json\/wp\/v2\/types\/page"}],"author":[{"embeddable":true,"href":"https:\/\/suedwestfahrzeugtechnik.de\/en\/wp-json\/wp\/v2\/users\/1"}],"replies":[{"embeddable":true,"href":"https:\/\/suedwestfahrzeugtechnik.de\/en\/wp-json\/wp\/v2\/comments?post=6002"}],"version-history":[{"count":0,"href":"https:\/\/suedwestfahrzeugtechnik.de\/en\/wp-json\/wp\/v2\/pages\/6002\/revisions"}],"wp:attachment":[{"href":"https:\/\/suedwestfahrzeugtechnik.de\/en\/wp-json\/wp\/v2\/media?parent=6002"}],"curies":[{"name":"wp","href":"https:\/\/api.w.org\/{rel}","templated":true}]}}